{"id":112,"date":"2016-08-29T10:03:33","date_gmt":"2016-08-29T10:03:33","guid":{"rendered":"http:\/\/www.dfdb-grosssanktnikolaus.ro\/dfdb-blog\/?page_id=112"},"modified":"2016-08-31T07:43:07","modified_gmt":"2016-08-31T07:43:07","slug":"impressum","status":"publish","type":"page","link":"https:\/\/www.dfdb-grosssanktnikolaus.ro\/dfdb-blog\/impressum\/","title":{"rendered":"Impressum"},"content":{"rendered":"<p>Dietlinde Huhn &#8211; Vorsitzende des DFDB Gro\u00dfsanktnikolaus <\/p>\n<p>Otmar Huhn &#8211; zust\u00e4ndig f\u00fcr Konzept und die Ver\u00f6ffentlichung im Internet <\/p>\n","protected":false},"excerpt":{"rendered":"<p>Dietlinde Huhn &#8211; Vorsitzende des DFDB Gro\u00dfsanktnikolaus Otmar Huhn &#8211; zust\u00e4ndig f\u00fcr Konzept und die Ver\u00f6ffentlichung im Internet<\/p>\n","protected":false},"author":1,"featured_media":0,"parent":0,"menu_order":0,"comment_status":"closed","ping_status":"closed","template":"","meta":{"ngg_post_thumbnail":0},"_links":{"self":[{"href":"https:\/\/www.dfdb-grosssanktnikolaus.ro\/dfdb-blog\/wp-json\/wp\/v2\/pages\/112"}],"collection":[{"href":"https:\/\/www.dfdb-grosssanktnikolaus.ro\/dfdb-blog\/wp-json\/wp\/v2\/pages"}],"about":[{"href":"https:\/\/www.dfdb-grosssanktnikolaus.ro\/dfdb-blog\/wp-json\/wp\/v2\/types\/page"}],"author":[{"embeddable":true,"href":"https:\/\/www.dfdb-grosssanktnikolaus.ro\/dfdb-blog\/wp-json\/wp\/v2\/users\/1"}],"replies":[{"embeddable":true,"href":"https:\/\/www.dfdb-grosssanktnikolaus.ro\/dfdb-blog\/wp-json\/wp\/v2\/comments?post=112"}],"version-history":[{"count":2,"href":"https:\/\/www.dfdb-grosssanktnikolaus.ro\/dfdb-blog\/wp-json\/wp\/v2\/pages\/112\/revisions"}],"predecessor-version":[{"id":118,"href":"https:\/\/www.dfdb-grosssanktnikolaus.ro\/dfdb-blog\/wp-json\/wp\/v2\/pages\/112\/revisions\/118"}],"wp:attachment":[{"href":"https:\/\/www.dfdb-grosssanktnikolaus.ro\/dfdb-blog\/wp-json\/wp\/v2\/media?parent=112"}],"curies":[{"name":"wp","href":"https:\/\/api.w.org\/{rel}","templated":true}]}}