{"id":1776,"date":"2017-09-01T12:26:28","date_gmt":"2017-09-01T09:26:28","guid":{"rendered":"http:\/\/www.dfdb-grosssanktnikolaus.ro\/dfdb-blog\/?page_id=1776"},"modified":"2017-09-01T17:34:59","modified_gmt":"2017-09-01T14:34:59","slug":"grosssanktnikolausbanat","status":"publish","type":"page","link":"https:\/\/www.dfdb-grosssanktnikolaus.ro\/dfdb-blog\/grosssanktnikolausbanat\/","title":{"rendered":"Gro\u00dfsanktnikolaus\/Banat"},"content":{"rendered":"<p>W\u00e4hrend\u00a0 die meisten unserer Beitr\u00e4ge Bezug nehmen auf T\u00e4tigkeiten des Demokratischen Forums der Deutschen aus Gro\u00dfsanktnikolaus, soll hier auch auf\u00a0 einige andere hingewiesen werden, welche einen direkten Bezug zu Gro\u00dfsanktnikolaus haben und zum Banat.<\/p>\n<p><a href=\"https:\/\/www.dfdb-grosssanktnikolaus.ro\/dfdb-blog\/category\/grosssanktnikolausbanat\/\">Hier<\/a>\u00a0geht es zu den Beitr\u00e4gen aus dieser Kategorie.<\/p>\n<p>&nbsp;<\/p>\n","protected":false},"excerpt":{"rendered":"<p>W\u00e4hrend\u00a0 die meisten unserer Beitr\u00e4ge Bezug nehmen auf T\u00e4tigkeiten des Demokratischen Forums der Deutschen aus Gro\u00dfsanktnikolaus, soll hier auch auf\u00a0 einige andere hingewiesen werden, welche einen direkten Bezug zu Gro\u00dfsanktnikolaus haben und zum Banat. Hier\u00a0geht es zu den Beitr\u00e4gen aus dieser Kategorie. &nbsp;<\/p>\n","protected":false},"author":1,"featured_media":0,"parent":0,"menu_order":0,"comment_status":"closed","ping_status":"closed","template":"","meta":{"ngg_post_thumbnail":0},"_links":{"self":[{"href":"https:\/\/www.dfdb-grosssanktnikolaus.ro\/dfdb-blog\/wp-json\/wp\/v2\/pages\/1776"}],"collection":[{"href":"https:\/\/www.dfdb-grosssanktnikolaus.ro\/dfdb-blog\/wp-json\/wp\/v2\/pages"}],"about":[{"href":"https:\/\/www.dfdb-grosssanktnikolaus.ro\/dfdb-blog\/wp-json\/wp\/v2\/types\/page"}],"author":[{"embeddable":true,"href":"https:\/\/www.dfdb-grosssanktnikolaus.ro\/dfdb-blog\/wp-json\/wp\/v2\/users\/1"}],"replies":[{"embeddable":true,"href":"https:\/\/www.dfdb-grosssanktnikolaus.ro\/dfdb-blog\/wp-json\/wp\/v2\/comments?post=1776"}],"version-history":[{"count":4,"href":"https:\/\/www.dfdb-grosssanktnikolaus.ro\/dfdb-blog\/wp-json\/wp\/v2\/pages\/1776\/revisions"}],"predecessor-version":[{"id":2712,"href":"https:\/\/www.dfdb-grosssanktnikolaus.ro\/dfdb-blog\/wp-json\/wp\/v2\/pages\/1776\/revisions\/2712"}],"wp:attachment":[{"href":"https:\/\/www.dfdb-grosssanktnikolaus.ro\/dfdb-blog\/wp-json\/wp\/v2\/media?parent=1776"}],"curies":[{"name":"wp","href":"https:\/\/api.w.org\/{rel}","templated":true}]}}