{"id":43,"date":"2016-08-01T13:24:07","date_gmt":"2016-08-01T13:24:07","guid":{"rendered":"http:\/\/www.dfdb-grosssanktnikolaus.ro\/dfdb-blog\/?page_id=43"},"modified":"2017-01-25T06:27:45","modified_gmt":"2017-01-25T06:27:45","slug":"partner","status":"publish","type":"page","link":"https:\/\/www.dfdb-grosssanktnikolaus.ro\/dfdb-blog\/partner\/","title":{"rendered":"Partner"},"content":{"rendered":"<p>Wir pflegen unsere Partnerschaften zu folgenden Institutionen, Einrichtungen und Vereinen :<br \/>\n-Demokratisches Forum der Deutschen im Banat<br \/>\n-Demokratisches Forum der Deutschen in Rum\u00e4nien<br \/>\n-Adam-M\u00fcller-Guttenbrunn-Stiftung<br \/>\n-Bundesministerium des Innern der Bundesrepublik Deutschland<br \/>\n-Departement f\u00fcr Interethnische Beziehungen innerhalb des Gereralsekretariats der Rum\u00e4nischen Regierung<br \/>\n-Hilfswerk der Banater Schwaben<br \/>\n-Verein ,, Altenhilfe Gro\u00dfsanktnikolaus\u2019\u2019 aus Burgkirchen a.d. Alz, Bayern<br \/>\n-Rathaus Gro\u00dfsanktnikolaus<br \/>\n-Gymnasialschule ,, Nestor Oprean\u2019\u2019 Nr. 2 Gro\u00dfsanktnikolaus<\/p>\n<p>Gelegentliche Zusammenarbeit haben wir mit:<br \/>\n-R\u00f6misch-katholische Pfarrei Gro\u00dfsanktnikolaus<br \/>\n-Radio Temeswar<br \/>\n-Banater Zeitung<br \/>\n-Allgemeine Deutsche Zeitung f\u00fcr Rum\u00e4nien<br \/>\n-HOG Gro\u00dfsanktnikolaus<\/p>\n<p>In der Festsitzung vom 04.12.2009 anl\u00e4sslich der Feier zum 20-j\u00e4hrigen Bestehen des Forums wurde zwei Vertretern aus Burgkirchen a. d. Alz, Frau Hedwig Braxenthaler (1937-2015) und Herrn Robert Obermaier (1932-2016), die h\u00f6chste Auszeichnung des Demokratischen Forums der Deutschen im Banat, die Ehrennadel in Gold, \u00fcberreicht. Diese wurde ihnen als Dank f\u00fcr ihren jahrelangen karitativen Einsatz zum Wohle der B\u00fcrger aus Gro\u00dfsanktnikolaus, vor allem der Senioren, Kinder und Jugendlichen zuerkannt.<\/p>\n<p><a href=\"https:\/\/www.dfdb-grosssanktnikolaus.ro\/dfdb-blog\/wp-content\/uploads\/2016\/08\/P1010471.jpg\"><img decoding=\"async\" loading=\"lazy\" class=\"size-medium wp-image-115\" src=\"https:\/\/www.dfdb-grosssanktnikolaus.ro\/dfdb-blog\/wp-content\/uploads\/2016\/08\/P1010471-300x225.jpg\" alt=\"\" width=\"300\" height=\"225\" srcset=\"https:\/\/www.dfdb-grosssanktnikolaus.ro\/dfdb-blog\/wp-content\/uploads\/2016\/08\/P1010471-300x225.jpg 300w, https:\/\/www.dfdb-grosssanktnikolaus.ro\/dfdb-blog\/wp-content\/uploads\/2016\/08\/P1010471-768x576.jpg 768w, https:\/\/www.dfdb-grosssanktnikolaus.ro\/dfdb-blog\/wp-content\/uploads\/2016\/08\/P1010471.jpg 1024w\" sizes=\"(max-width: 300px) 100vw, 300px\" \/><\/a><\/p>\n<p>Dr. Karl Singer, der Vorsitzende des Banater Forums \u00fcberreicht die Ehrennadel aus Gold an Fr. Hedwig Braxenthaler, Vorsitzende des Vereins &#8222;Altenhilfe Gro\u00dfsanktnikolaus&#8220; aus Burgkirchen<\/p>\n<p><a href=\"https:\/\/www.dfdb-grosssanktnikolaus.ro\/dfdb-blog\/wp-content\/uploads\/2016\/08\/P1010485.jpg\"><img decoding=\"async\" loading=\"lazy\" class=\"size-medium wp-image-114\" src=\"https:\/\/www.dfdb-grosssanktnikolaus.ro\/dfdb-blog\/wp-content\/uploads\/2016\/08\/P1010485-300x225.jpg\" alt=\"\" width=\"300\" height=\"225\" srcset=\"https:\/\/www.dfdb-grosssanktnikolaus.ro\/dfdb-blog\/wp-content\/uploads\/2016\/08\/P1010485-300x225.jpg 300w, https:\/\/www.dfdb-grosssanktnikolaus.ro\/dfdb-blog\/wp-content\/uploads\/2016\/08\/P1010485-768x576.jpg 768w, https:\/\/www.dfdb-grosssanktnikolaus.ro\/dfdb-blog\/wp-content\/uploads\/2016\/08\/P1010485.jpg 1024w\" sizes=\"(max-width: 300px) 100vw, 300px\" \/><\/a><\/p>\n<p>Nach der Preisverleihung (von li)<br \/>\nHelmut Weinschrott, Direktor der Adam-M\u00fcller-Guttenbrunn-Stiftung, Dr. Karl Singer, Vorsitzender des Banater Forums, Hedwig Braxenthaler, Vorsitzende des Vereins&#8220; Altenhilfe Gro\u00dfsanktnikolaus&#8220;, Robert Obermaier, Altb\u00fcrgermeister Burgkirchen a.d. Alz, Dietlinde Huhn, Vorsitzende des Forums Gro\u00dfsanktnikolaus, Dr. Stephan Merz, 1. B\u00fcrgermeister Burgkirchen a. d. Alz.<\/p>\n","protected":false},"excerpt":{"rendered":"<p>Wir pflegen unsere Partnerschaften zu folgenden Institutionen, Einrichtungen und Vereinen : -Demokratisches Forum der Deutschen im Banat -Demokratisches Forum der Deutschen in Rum\u00e4nien -Adam-M\u00fcller-Guttenbrunn-Stiftung -Bundesministerium des Innern der Bundesrepublik Deutschland -Departement f\u00fcr Interethnische Beziehungen innerhalb des Gereralsekretariats der Rum\u00e4nischen Regierung -Hilfswerk der Banater Schwaben -Verein ,, Altenhilfe Gro\u00dfsanktnikolaus\u2019\u2019 aus Burgkirchen a.d. Alz, Bayern -Rathaus Gro\u00dfsanktnikolaus [&hellip;]<\/p>\n","protected":false},"author":1,"featured_media":0,"parent":0,"menu_order":0,"comment_status":"closed","ping_status":"closed","template":"","meta":{"ngg_post_thumbnail":0},"_links":{"self":[{"href":"https:\/\/www.dfdb-grosssanktnikolaus.ro\/dfdb-blog\/wp-json\/wp\/v2\/pages\/43"}],"collection":[{"href":"https:\/\/www.dfdb-grosssanktnikolaus.ro\/dfdb-blog\/wp-json\/wp\/v2\/pages"}],"about":[{"href":"https:\/\/www.dfdb-grosssanktnikolaus.ro\/dfdb-blog\/wp-json\/wp\/v2\/types\/page"}],"author":[{"embeddable":true,"href":"https:\/\/www.dfdb-grosssanktnikolaus.ro\/dfdb-blog\/wp-json\/wp\/v2\/users\/1"}],"replies":[{"embeddable":true,"href":"https:\/\/www.dfdb-grosssanktnikolaus.ro\/dfdb-blog\/wp-json\/wp\/v2\/comments?post=43"}],"version-history":[{"count":10,"href":"https:\/\/www.dfdb-grosssanktnikolaus.ro\/dfdb-blog\/wp-json\/wp\/v2\/pages\/43\/revisions"}],"predecessor-version":[{"id":1021,"href":"https:\/\/www.dfdb-grosssanktnikolaus.ro\/dfdb-blog\/wp-json\/wp\/v2\/pages\/43\/revisions\/1021"}],"wp:attachment":[{"href":"https:\/\/www.dfdb-grosssanktnikolaus.ro\/dfdb-blog\/wp-json\/wp\/v2\/media?parent=43"}],"curies":[{"name":"wp","href":"https:\/\/api.w.org\/{rel}","templated":true}]}}