{"id":50,"date":"2016-09-26T12:32:29","date_gmt":"2016-09-26T09:32:29","guid":{"rendered":"http:\/\/www.dfdb-grosssanktnikolaus.ro\/pfdg-blog\/?page_id=50"},"modified":"2016-09-26T12:32:29","modified_gmt":"2016-09-26T09:32:29","slug":"datenschutzerklaerung","status":"publish","type":"page","link":"https:\/\/www.dfdb-grosssanktnikolaus.ro\/pfdg-blog\/datenschutzerklaerung\/","title":{"rendered":"Datenschutzerkl\u00e4rung"},"content":{"rendered":"<p><strong>Datenschutz<\/strong><\/p>\n<p>Die Betreiber dieser Seiten nehmen den Schutz Ihrer pers\u00f6nlichen Daten sehr ernst. Wir behandeln Ihre personenbezogenen Daten vertraulich und entsprechend der gesetzlichen Datenschutzvorschriften sowie dieser Datenschutzerkl\u00e4rung.<\/p>\n<p>Die Nutzung unserer Webseite ist in der Regel ohne Angabe personenbezogener Daten m\u00f6glich. Soweit auf unseren Seiten personenbezogene Daten (beispielsweise Name, Anschrift oder E-Mail-Adressen) erhoben werden, erfolgt dies, soweit m\u00f6glich, stets auf freiwilliger Basis. Diese Daten werden ohne Ihre ausdr\u00fcckliche Zustimmung nicht an Dritte weitergegeben.<\/p>\n<p>Wir weisen darauf hin, dass die Daten\u00fcbertragung im Internet (z.B. bei der Kommunikation per E-Mail) Sicherheitsl\u00fccken aufweisen kann. Ein l\u00fcckenloser Schutz der Daten vor dem Zugriff durch Dritte ist nicht m\u00f6glich.<\/p>\n<p><\/p>\n<p><strong>Newsletterdaten<\/strong><\/p>\n<p>Wenn Sie den auf der Webseite angebotenen Newsletter beziehen m\u00f6chten, ben\u00f6tigen wir von Ihnen eine E-Mail-Adresse sowie Informationen, welche uns die \u00dcberpr\u00fcfung gestatten, dass Sie der Inhaber der angegebenen E-Mail-Adresse sind und mit dem Empfang des Newsletters einverstanden sind. Weitere Daten werden nicht erhoben. Diese Daten verwenden wir ausschlie\u00dflich f\u00fcr den Versand der angeforderten Informationen und geben sie nicht an Dritte weiter.<\/p>\n<p>Die erteilte Einwilligung zur Speicherung der Daten, der E-Mail-Adresse sowie deren Nutzung zum Versand des Newsletters k\u00f6nnen Sie jederzeit widerrufen , etwa \u00fcber den \u201eAustragen\u201c-Link im Newsletter.<\/p>\n<p><\/p>\n<p><strong>Auskunft, L\u00f6schung, Sperrung<\/strong><\/p>\n<p>Sie haben jederzeit das Recht auf unentgeltliche Auskunft \u00fcber Ihre gespeicherten personenbezogenen Daten, deren Herkunft und Empf\u00e4nger und den Zweck der Datenverarbeitung sowie ein Recht auf Berichtigung, Sperrung oder L\u00f6schung dieser Daten. Hierzu sowie zu weiteren Fragen zum Thema personenbezogene Daten k\u00f6nnen Sie sich jederzeit unter der im Impressum angegebenen Adresse an uns wenden.<\/p>\n<p><\/p>\n<p><em>Quellenangabe: <a href=\"https:\/\/www.e-recht24.de\">https:\/\/www.e-recht24.de<\/a><\/em><\/p>\n","protected":false},"excerpt":{"rendered":"<p>Datenschutz Die Betreiber dieser Seiten nehmen den Schutz Ihrer pers\u00f6nlichen Daten sehr ernst. Wir behandeln Ihre personenbezogenen Daten vertraulich und entsprechend der gesetzlichen Datenschutzvorschriften sowie dieser Datenschutzerkl\u00e4rung. Die Nutzung unserer Webseite ist in der Regel ohne Angabe personenbezogener Daten m\u00f6glich. &hellip; <a href=\"https:\/\/www.dfdb-grosssanktnikolaus.ro\/pfdg-blog\/datenschutzerklaerung\/\">Weiterlesen <span class=\"meta-nav\">&rarr;<\/span><\/a><\/p>\n","protected":false},"author":1,"featured_media":0,"parent":0,"menu_order":0,"comment_status":"closed","ping_status":"closed","template":"","meta":[],"_links":{"self":[{"href":"https:\/\/www.dfdb-grosssanktnikolaus.ro\/pfdg-blog\/wp-json\/wp\/v2\/pages\/50"}],"collection":[{"href":"https:\/\/www.dfdb-grosssanktnikolaus.ro\/pfdg-blog\/wp-json\/wp\/v2\/pages"}],"about":[{"href":"https:\/\/www.dfdb-grosssanktnikolaus.ro\/pfdg-blog\/wp-json\/wp\/v2\/types\/page"}],"author":[{"embeddable":true,"href":"https:\/\/www.dfdb-grosssanktnikolaus.ro\/pfdg-blog\/wp-json\/wp\/v2\/users\/1"}],"replies":[{"embeddable":true,"href":"https:\/\/www.dfdb-grosssanktnikolaus.ro\/pfdg-blog\/wp-json\/wp\/v2\/comments?post=50"}],"version-history":[{"count":2,"href":"https:\/\/www.dfdb-grosssanktnikolaus.ro\/pfdg-blog\/wp-json\/wp\/v2\/pages\/50\/revisions"}],"predecessor-version":[{"id":929,"href":"https:\/\/www.dfdb-grosssanktnikolaus.ro\/pfdg-blog\/wp-json\/wp\/v2\/pages\/50\/revisions\/929"}],"wp:attachment":[{"href":"https:\/\/www.dfdb-grosssanktnikolaus.ro\/pfdg-blog\/wp-json\/wp\/v2\/media?parent=50"}],"curies":[{"name":"wp","href":"https:\/\/api.w.org\/{rel}","templated":true}]}}