{"id":935,"date":"2017-11-06T11:51:53","date_gmt":"2017-11-06T08:51:53","guid":{"rendered":"http:\/\/www.dfdb-grosssanktnikolaus.ro\/pfdg-blog\/?page_id=935"},"modified":"2017-11-06T11:59:07","modified_gmt":"2017-11-06T08:59:07","slug":"statistik-zur-bevoelkerung-der-deutschgemeinde-aus-grosssanktnikolaus","status":"publish","type":"page","link":"https:\/\/www.dfdb-grosssanktnikolaus.ro\/pfdg-blog\/statistik-zur-bevoelkerung-der-deutschgemeinde-aus-grosssanktnikolaus\/","title":{"rendered":"Statistik zur Bev\u00f6lkerung der Deutschgemeinde aus Gro\u00dfsanktnikolaus"},"content":{"rendered":"<p>Man sagt, mit Statistik kann man alles beweisen und auch das Gegenteil davon. Mit der folgenden statistischen Auswertung der Daten so wie sie auf den Grabsteinen vom Friedhof der Deutschgemeinde aus Gro\u00dfsanktnikolaus zu finden sind, wollen wir nichts beweisen (und auch nicht das Gegenteil davon), sondern \u00fcberlassen es einem jeden selbst, daraus seine Schlu\u00dffolgerungen zu ziehen und eigene Interpretationen zu wagen.<br \/>\nNat\u00fcrlich ist eine Statistik um so aussagekr\u00e4ftiger je gr\u00f6\u00dfer und relevanter die in Betracht gezogenen Datens\u00e4tze sind. Diese sind in unserem Fall auf die Anzahl der Gr\u00e4ber ( 709) und der dort Verzeichneten (2445) beschr\u00e4nkt und des \u00f6fteren liegen auch von den auf den Grabsteinen Verzeichneten nicht alle Daten vor.<br \/>\nNichtdestotrotz glauben wir, dass auch die folgenden Statistiken ein wenig zur Geschichte der deutschen Bev\u00f6lkerung aus Gro\u00dfsanktnikolaus beitragen k\u00f6nnen<\/p>\n<ol>\n<li><strong>Familiennamen<\/strong><\/li>\n<p>Die insgesamt 2277 relevanten Daten auf den Grabsteinen beinhalten 366 verschiedene Familiennamen, davon sind 118 Familiennamen nur je einem einzelnen Verzeichneten zugeordnet. Die folgenden 14 h\u00e4ufigsten Familiennamen decken 34,43% aller Verzeichneten ab:<\/p>\n<table width=\"237\">\n<tbody>\n<tr>\n<td width=\"39\">Nr.<\/td>\n<td width=\"97\">Familienname<\/td>\n<td width=\"49\">Anzahl<\/td>\n<td width=\"52\">Prozent<\/td>\n<\/tr>\n<tr>\n<td width=\"39\">1<\/td>\n<td width=\"97\">R\u00f6hrich<\/td>\n<td width=\"49\">97<\/td>\n<td width=\"52\">4,26%<\/td>\n<\/tr>\n<tr>\n<td width=\"39\">2<\/td>\n<td width=\"97\">M\u00fcller<\/td>\n<td width=\"49\">83<\/td>\n<td width=\"52\">3,65%<\/td>\n<\/tr>\n<tr>\n<td width=\"39\">3<\/td>\n<td width=\"97\">Bernhardt<\/td>\n<td width=\"49\">70<\/td>\n<td width=\"52\">3,07%<\/td>\n<\/tr>\n<tr>\n<td width=\"39\">4<\/td>\n<td width=\"97\">Roos<\/td>\n<td width=\"49\">59<\/td>\n<td width=\"52\">2,59%<\/td>\n<\/tr>\n<tr>\n<td width=\"39\">5<\/td>\n<td width=\"97\">Loch<\/td>\n<td width=\"49\">54<\/td>\n<td width=\"52\">2,37%<\/td>\n<\/tr>\n<tr>\n<td width=\"39\">6<\/td>\n<td width=\"97\">Mau\u00df<\/td>\n<td width=\"49\">54<\/td>\n<td width=\"52\">2,37%<\/td>\n<\/tr>\n<tr>\n<td width=\"39\">7<\/td>\n<td width=\"97\">Esperschidt<\/td>\n<td width=\"49\">54<\/td>\n<td width=\"52\">2,37%<\/td>\n<\/tr>\n<tr>\n<td width=\"39\">8<\/td>\n<td width=\"97\">Flaton<\/td>\n<td width=\"49\">53<\/td>\n<td width=\"52\">2,33%<\/td>\n<\/tr>\n<tr>\n<td width=\"39\">9<\/td>\n<td width=\"97\">Blickling<\/td>\n<td width=\"49\">47<\/td>\n<td width=\"52\">2,06%<\/td>\n<\/tr>\n<tr>\n<td width=\"39\">10<\/td>\n<td width=\"97\">Kappel<\/td>\n<td width=\"49\">44<\/td>\n<td width=\"52\">1,93%<\/td>\n<\/tr>\n<tr>\n<td width=\"39\">11<\/td>\n<td width=\"97\">Bender<\/td>\n<td width=\"49\">43<\/td>\n<td width=\"52\">1,89%<\/td>\n<\/tr>\n<tr>\n<td width=\"39\">12<\/td>\n<td width=\"97\">Schmidt<\/td>\n<td width=\"49\">43<\/td>\n<td width=\"52\">1,89%<\/td>\n<\/tr>\n<tr>\n<td width=\"39\">13<\/td>\n<td width=\"97\">Rie\u00df<\/td>\n<td width=\"49\">42<\/td>\n<td width=\"52\">1,84%<\/td>\n<\/tr>\n<tr>\n<td width=\"39\">14<\/td>\n<td width=\"97\">Buchholz<\/td>\n<td width=\"49\">41<\/td>\n<td width=\"52\">1,80%<\/td>\n<\/tr>\n<\/tbody>\n<\/table>\n<p>&nbsp;<\/p>\n<li><strong> M\u00e4nnliche Vornamen<\/strong><\/li>\n<p>Die insgesamt\u00a0 1101 relevanten, auf den Grabsteinen m\u00e4nnlich Verzeichneten haben 131 verschiedene Vornamen, davon sind 80 Vornamen nur je einem einzelnen Verzeichneten zugeordnet. Die folgenden 8 h\u00e4ufigsten\u00a0 m\u00e4nnlichen Vornamen decken 76,57% aller m\u00e4nnlich Verzeichneten ab:<\/p>\n<table width=\"251\">\n<tbody>\n<tr>\n<td width=\"22\">Nr<\/td>\n<td width=\"103\">Vorname<\/td>\n<td width=\"63\">Anzahl<\/td>\n<td width=\"64\">Prozent<\/td>\n<\/tr>\n<tr>\n<td width=\"22\">1<\/td>\n<td width=\"103\">Peter<\/td>\n<td width=\"63\">244<\/td>\n<td width=\"64\">22,16%<\/td>\n<\/tr>\n<tr>\n<td width=\"22\">2<\/td>\n<td width=\"103\">Johann<\/td>\n<td width=\"63\">174<\/td>\n<td width=\"64\">15,80%<\/td>\n<\/tr>\n<tr>\n<td width=\"22\">3<\/td>\n<td width=\"103\">Jakob<\/td>\n<td width=\"63\">120<\/td>\n<td width=\"64\">10,90%<\/td>\n<\/tr>\n<tr>\n<td width=\"22\">4<\/td>\n<td width=\"103\">Anton<\/td>\n<td width=\"63\">107<\/td>\n<td width=\"64\">9,72%<\/td>\n<\/tr>\n<tr>\n<td width=\"22\">5<\/td>\n<td width=\"103\">Josef<\/td>\n<td width=\"63\">59<\/td>\n<td width=\"64\">5,36%<\/td>\n<\/tr>\n<tr>\n<td width=\"22\">6<\/td>\n<td width=\"103\">Franz<\/td>\n<td width=\"63\">51<\/td>\n<td width=\"64\">4,63%<\/td>\n<\/tr>\n<tr>\n<td width=\"22\">7<\/td>\n<td width=\"103\">Martin<\/td>\n<td width=\"63\">45<\/td>\n<td width=\"64\">4,09%<\/td>\n<\/tr>\n<tr>\n<td width=\"22\">8<\/td>\n<td width=\"103\">Hans<\/td>\n<td width=\"63\">43<\/td>\n<td width=\"64\">3,91%<\/td>\n<\/tr>\n<\/tbody>\n<\/table>\n<p>&nbsp;<\/p>\n<li><strong> Weibliche Vornamen<\/strong><\/li>\n<p>Die insgesamt 1096 relevanten auf den Grabsteinen weiblich Verzeichneten haben 126 verschiedene Vornamen, davon sind 83 Vornamen nur je einer einzelnen Verzeichneten zugeordnet. Die folgenden 9 h\u00e4ufigsten\u00a0 weiblichen Vornamen decken 77,65% aller weiblich Verzeichneten ab:<\/p>\n<table width=\"232\">\n<tbody>\n<tr>\n<td width=\"33\">Nr.<\/td>\n<td width=\"81\">Vorname<\/td>\n<td width=\"55\">Anzahl<\/td>\n<td width=\"64\">Prozent<\/td>\n<\/tr>\n<tr>\n<td width=\"33\">1<\/td>\n<td width=\"81\">Katharina<\/td>\n<td width=\"55\">198<\/td>\n<td width=\"64\">18,07%<\/td>\n<\/tr>\n<tr>\n<td width=\"33\">2<\/td>\n<td width=\"81\">Eva<\/td>\n<td width=\"55\">187<\/td>\n<td width=\"64\">17,06%<\/td>\n<\/tr>\n<tr>\n<td width=\"33\">3<\/td>\n<td width=\"81\">Elisabetha<\/td>\n<td width=\"55\">177<\/td>\n<td width=\"64\">16,15%<\/td>\n<\/tr>\n<tr>\n<td width=\"33\">4<\/td>\n<td width=\"81\">Anna<\/td>\n<td width=\"55\">137<\/td>\n<td width=\"64\">12,50%<\/td>\n<\/tr>\n<tr>\n<td width=\"33\">5<\/td>\n<td width=\"81\">Magdalena<\/td>\n<td width=\"55\">33<\/td>\n<td width=\"64\">3,01%<\/td>\n<\/tr>\n<tr>\n<td width=\"33\">6<\/td>\n<td width=\"81\">Elisabeta<\/td>\n<td width=\"55\">32<\/td>\n<td width=\"64\">2,92%<\/td>\n<\/tr>\n<tr>\n<td width=\"33\">7<\/td>\n<td width=\"81\">Barbara<\/td>\n<td width=\"55\">30<\/td>\n<td width=\"64\">2,74%<\/td>\n<\/tr>\n<tr>\n<td width=\"33\">8<\/td>\n<td width=\"81\">Maria<\/td>\n<td width=\"55\">29<\/td>\n<td width=\"64\">2,65%<\/td>\n<\/tr>\n<tr>\n<td width=\"33\">9<\/td>\n<td width=\"81\">Rosina<\/td>\n<td width=\"55\">28<\/td>\n<td width=\"64\">2,55%<\/td>\n<\/tr>\n<\/tbody>\n<\/table>\n<p>Zieht man die verschiedenen Schreibweisen desselben Vornamens in Betracht, decken folgende 8 weiblichen Vornamen 86,13% der weiblich Verzeichneten ab:<\/p>\n<table width=\"273\">\n<tbody>\n<tr>\n<td width=\"64\">Nr.<\/td>\n<td width=\"81\">Vorname<\/td>\n<td width=\"64\">Anzahl<\/td>\n<td width=\"64\">Prozent<\/td>\n<\/tr>\n<tr>\n<td width=\"64\">1<\/td>\n<td width=\"81\">Elisabetha<\/td>\n<td width=\"64\">264<\/td>\n<td width=\"64\">24,09%<\/td>\n<\/tr>\n<tr>\n<td width=\"64\">2<\/td>\n<td width=\"81\">Katharina<\/td>\n<td width=\"64\">221<\/td>\n<td width=\"64\">20,16%<\/td>\n<\/tr>\n<tr>\n<td width=\"64\">3<\/td>\n<td width=\"81\">Eva<\/td>\n<td width=\"64\">188<\/td>\n<td width=\"64\">17,15%<\/td>\n<\/tr>\n<tr>\n<td width=\"64\">4<\/td>\n<td width=\"81\">Anna<\/td>\n<td width=\"64\">140<\/td>\n<td width=\"64\">12,77%<\/td>\n<\/tr>\n<tr>\n<td width=\"64\">5<\/td>\n<td width=\"81\">Rosina<\/td>\n<td width=\"64\">39<\/td>\n<td width=\"64\">3,56%<\/td>\n<\/tr>\n<tr>\n<td width=\"64\">6<\/td>\n<td width=\"81\">Magdalena<\/td>\n<td width=\"64\">33<\/td>\n<td width=\"64\">2,65%<\/td>\n<\/tr>\n<tr>\n<td width=\"64\">7<\/td>\n<td width=\"81\">Barbara<\/td>\n<td width=\"64\">30<\/td>\n<td width=\"64\">2,74%<\/td>\n<\/tr>\n<tr>\n<td width=\"64\">8<\/td>\n<td width=\"81\">Maria<\/td>\n<td width=\"64\">29<\/td>\n<td width=\"64\">3,01%<\/td>\n<\/tr>\n<\/tbody>\n<\/table>\n<p>&nbsp;<\/p>\n<li><strong> Sterbealter<\/strong><\/li>\n<p><a href=\"http:\/\/www.dfdb-grosssanktnikolaus.ro\/pfdg-blog\/wp-content\/uploads\/2017\/11\/sterbealter.gif\"><img decoding=\"async\" loading=\"lazy\" class=\"alignnone size-medium wp-image-965\" src=\"http:\/\/www.dfdb-grosssanktnikolaus.ro\/pfdg-blog\/wp-content\/uploads\/2017\/11\/sterbealter-300x152.gif\" alt=\"sterbealter\" width=\"300\" height=\"150\" \/><\/a><\/p>\n<li><strong>Sterbealter M\u00e4nner<\/strong><\/li>\n<p><a href=\"http:\/\/www.dfdb-grosssanktnikolaus.ro\/pfdg-blog\/wp-content\/uploads\/2017\/11\/sterbealterm.jpg\"><img decoding=\"async\" loading=\"lazy\" class=\"alignnone size-medium wp-image-980\" src=\"http:\/\/www.dfdb-grosssanktnikolaus.ro\/pfdg-blog\/wp-content\/uploads\/2017\/11\/sterbealterm-300x158.jpg\" alt=\"sterbealterm\" width=\"300\" height=\"150\" \/><\/a><\/p>\n<li><strong>Sterbealter Frauen<\/strong><\/li>\n<p><a href=\"http:\/\/www.dfdb-grosssanktnikolaus.ro\/pfdg-blog\/wp-content\/uploads\/2017\/11\/sterbealterw.gif\"><img decoding=\"async\" loading=\"lazy\" class=\"alignnone size-medium wp-image-996\" src=\"http:\/\/www.dfdb-grosssanktnikolaus.ro\/pfdg-blog\/wp-content\/uploads\/2017\/11\/sterbealterw-300x168.gif\" alt=\"sterbealterw\" width=\"300\" height=\"168\" srcset=\"https:\/\/www.dfdb-grosssanktnikolaus.ro\/pfdg-blog\/wp-content\/uploads\/2017\/11\/sterbealterw-300x168.gif 300w, https:\/\/www.dfdb-grosssanktnikolaus.ro\/pfdg-blog\/wp-content\/uploads\/2017\/11\/sterbealterw-768x430.gif 768w, https:\/\/www.dfdb-grosssanktnikolaus.ro\/pfdg-blog\/wp-content\/uploads\/2017\/11\/sterbealterw-600x336.gif 600w, https:\/\/www.dfdb-grosssanktnikolaus.ro\/pfdg-blog\/wp-content\/uploads\/2017\/11\/sterbealterw-500x280.gif 500w\" sizes=\"(max-width: 300px) 100vw, 300px\" \/><\/a><\/p>\n<li><strong>Sterberate<\/strong><\/li>\n<p><a href=\"http:\/\/www.dfdb-grosssanktnikolaus.ro\/pfdg-blog\/wp-content\/uploads\/2017\/11\/sterberate.gif\"><img decoding=\"async\" loading=\"lazy\" class=\"alignnone size-medium wp-image-999\" src=\"http:\/\/www.dfdb-grosssanktnikolaus.ro\/pfdg-blog\/wp-content\/uploads\/2017\/11\/sterberate-300x152.gif\" alt=\"sterberate\" width=\"300\" height=\"152\" srcset=\"https:\/\/www.dfdb-grosssanktnikolaus.ro\/pfdg-blog\/wp-content\/uploads\/2017\/11\/sterberate-300x152.gif 300w, https:\/\/www.dfdb-grosssanktnikolaus.ro\/pfdg-blog\/wp-content\/uploads\/2017\/11\/sterberate-768x389.gif 768w, https:\/\/www.dfdb-grosssanktnikolaus.ro\/pfdg-blog\/wp-content\/uploads\/2017\/11\/sterberate-600x304.gif 600w, https:\/\/www.dfdb-grosssanktnikolaus.ro\/pfdg-blog\/wp-content\/uploads\/2017\/11\/sterberate-500x253.gif 500w\" sizes=\"(max-width: 300px) 100vw, 300px\" \/><\/a><\/p>\n<li><strong>Geburtenrate<\/strong><\/li>\n<p>Da auf den meisten Grabsteinen auch das Geburtsjahr der Begrabenen angegeben ist (oder neben dem Sterbejahr auch das Alter, was eine Berechnung des Geburtsjahres erm\u00f6glicht), k\u00f6nnen wir auch einige R\u00fcckschl\u00fcsse auf die Geburtenrate ziehen. Nat\u00fcrlich ist diese Statistik mit einer n\u00f6tigen Reserve zu betrachten.<\/p>\n<p><a href=\"http:\/\/www.dfdb-grosssanktnikolaus.ro\/pfdg-blog\/wp-content\/uploads\/2017\/11\/geburtenrate.gif\"><img decoding=\"async\" loading=\"lazy\" class=\"alignnone size-medium wp-image-1002\" src=\"http:\/\/www.dfdb-grosssanktnikolaus.ro\/pfdg-blog\/wp-content\/uploads\/2017\/11\/geburtenrate-300x151.gif\" alt=\"geburtenrate\" width=\"300\" height=\"151\" srcset=\"https:\/\/www.dfdb-grosssanktnikolaus.ro\/pfdg-blog\/wp-content\/uploads\/2017\/11\/geburtenrate-300x151.gif 300w, https:\/\/www.dfdb-grosssanktnikolaus.ro\/pfdg-blog\/wp-content\/uploads\/2017\/11\/geburtenrate-768x387.gif 768w, https:\/\/www.dfdb-grosssanktnikolaus.ro\/pfdg-blog\/wp-content\/uploads\/2017\/11\/geburtenrate-600x303.gif 600w, https:\/\/www.dfdb-grosssanktnikolaus.ro\/pfdg-blog\/wp-content\/uploads\/2017\/11\/geburtenrate-500x252.gif 500w\" sizes=\"(max-width: 300px) 100vw, 300px\" \/><\/a><\/p>\n<li><strong>Dynamik der Bev\u00f6lkerung<\/strong><\/li>\n<p>Wenn man die Sterberate mit der Geburtenrate f\u00fcr jedes Jahr vergleicht, erh\u00e4lt man ein Bild \u00fcber den j\u00e4hrlichen Zuwachs beziehungsweise R\u00fcckgang der Bev\u00f6lkerung. Da die allzu alten beziehungsweise neuen Daten diesbez\u00fcglich nicht allzu aussagekr\u00e4ftig sind, ver\u00f6ffentlichen wir hier nur die Darstellung der Dynamik der Bev\u00f6lkerung in der Zeitspanne 1850-1950.<\/p>\n<p><a href=\"http:\/\/www.dfdb-grosssanktnikolaus.ro\/pfdg-blog\/wp-content\/uploads\/2017\/11\/dynamik.gif\"><img decoding=\"async\" loading=\"lazy\" class=\"alignnone size-medium wp-image-1005\" src=\"http:\/\/www.dfdb-grosssanktnikolaus.ro\/pfdg-blog\/wp-content\/uploads\/2017\/11\/dynamik-300x154.gif\" alt=\"dynamik\" width=\"300\" height=\"154\" srcset=\"https:\/\/www.dfdb-grosssanktnikolaus.ro\/pfdg-blog\/wp-content\/uploads\/2017\/11\/dynamik-300x154.gif 300w, https:\/\/www.dfdb-grosssanktnikolaus.ro\/pfdg-blog\/wp-content\/uploads\/2017\/11\/dynamik-768x393.gif 768w, https:\/\/www.dfdb-grosssanktnikolaus.ro\/pfdg-blog\/wp-content\/uploads\/2017\/11\/dynamik-600x307.gif 600w, https:\/\/www.dfdb-grosssanktnikolaus.ro\/pfdg-blog\/wp-content\/uploads\/2017\/11\/dynamik-500x256.gif 500w\" sizes=\"(max-width: 300px) 100vw, 300px\" \/><\/a><\/p>\n<li><strong>Bev\u00f6lkerung<\/strong><\/li>\n<p>Die j\u00e4hrlichen Geburten- und Sterberaten erm\u00f6glichen eine Berechnung der Bev\u00f6lkerung in jedem Jahr. \u00a0Die folgende entsprechende Grafik ist recht relativ, hat aber trotzdem ihre Aussagekraft.<\/p>\n<p><a href=\"http:\/\/www.dfdb-grosssanktnikolaus.ro\/pfdg-blog\/wp-content\/uploads\/2017\/11\/bevoelkerung.gif\"><img decoding=\"async\" loading=\"lazy\" class=\"alignnone size-medium wp-image-1008\" src=\"http:\/\/www.dfdb-grosssanktnikolaus.ro\/pfdg-blog\/wp-content\/uploads\/2017\/11\/bevoelkerung-300x151.gif\" alt=\"bevoelkerung\" width=\"300\" height=\"151\" srcset=\"https:\/\/www.dfdb-grosssanktnikolaus.ro\/pfdg-blog\/wp-content\/uploads\/2017\/11\/bevoelkerung-300x151.gif 300w, https:\/\/www.dfdb-grosssanktnikolaus.ro\/pfdg-blog\/wp-content\/uploads\/2017\/11\/bevoelkerung-768x387.gif 768w, https:\/\/www.dfdb-grosssanktnikolaus.ro\/pfdg-blog\/wp-content\/uploads\/2017\/11\/bevoelkerung-600x302.gif 600w, https:\/\/www.dfdb-grosssanktnikolaus.ro\/pfdg-blog\/wp-content\/uploads\/2017\/11\/bevoelkerung-500x252.gif 500w\" sizes=\"(max-width: 300px) 100vw, 300px\" \/><\/a>\n<\/ol>\n<p>Otmar Huhn 1. November 2017<\/p>\n<p><a href=\"http:\/\/www.dfdb-grosssanktnikolaus.ro\/pfdg-blog\/wp-content\/uploads\/2017\/11\/Statistik.pdf\">Hier<\/a> kann man die Statistik als pdf-Datei herunterladen.<\/p>\n","protected":false},"excerpt":{"rendered":"<p>Man sagt, mit Statistik kann man alles beweisen und auch das Gegenteil davon. Mit der folgenden statistischen Auswertung der Daten so wie sie auf den Grabsteinen vom Friedhof der Deutschgemeinde aus Gro\u00dfsanktnikolaus zu finden sind, wollen wir nichts beweisen (und &hellip; <a href=\"https:\/\/www.dfdb-grosssanktnikolaus.ro\/pfdg-blog\/statistik-zur-bevoelkerung-der-deutschgemeinde-aus-grosssanktnikolaus\/\">Weiterlesen <span class=\"meta-nav\">&rarr;<\/span><\/a><\/p>\n","protected":false},"author":1,"featured_media":0,"parent":0,"menu_order":0,"comment_status":"closed","ping_status":"closed","template":"","meta":[],"_links":{"self":[{"href":"https:\/\/www.dfdb-grosssanktnikolaus.ro\/pfdg-blog\/wp-json\/wp\/v2\/pages\/935"}],"collection":[{"href":"https:\/\/www.dfdb-grosssanktnikolaus.ro\/pfdg-blog\/wp-json\/wp\/v2\/pages"}],"about":[{"href":"https:\/\/www.dfdb-grosssanktnikolaus.ro\/pfdg-blog\/wp-json\/wp\/v2\/types\/page"}],"author":[{"embeddable":true,"href":"https:\/\/www.dfdb-grosssanktnikolaus.ro\/pfdg-blog\/wp-json\/wp\/v2\/users\/1"}],"replies":[{"embeddable":true,"href":"https:\/\/www.dfdb-grosssanktnikolaus.ro\/pfdg-blog\/wp-json\/wp\/v2\/comments?post=935"}],"version-history":[{"count":39,"href":"https:\/\/www.dfdb-grosssanktnikolaus.ro\/pfdg-blog\/wp-json\/wp\/v2\/pages\/935\/revisions"}],"predecessor-version":[{"id":1089,"href":"https:\/\/www.dfdb-grosssanktnikolaus.ro\/pfdg-blog\/wp-json\/wp\/v2\/pages\/935\/revisions\/1089"}],"wp:attachment":[{"href":"https:\/\/www.dfdb-grosssanktnikolaus.ro\/pfdg-blog\/wp-json\/wp\/v2\/media?parent=935"}],"curies":[{"name":"wp","href":"https:\/\/api.w.org\/{rel}","templated":true}]}}